{"id":32,"date":"2015-12-16T20:17:27","date_gmt":"2015-12-16T20:17:27","guid":{"rendered":"http:\/\/kabarett.v22014032089017552.yourvserver.net\/?page_id=32"},"modified":"2025-01-05T17:01:21","modified_gmt":"2025-01-05T16:01:21","slug":"kontakt","status":"publish","type":"page","link":"https:\/\/kabarett-stachelbaer.de\/index.php\/kontakt\/","title":{"rendered":"Kontakt"},"content":{"rendered":"<div id=\"pl-32\"  class=\"panel-layout\" ><div id=\"pg-32-0\"  class=\"panel-grid panel-no-style\" ><div id=\"pgc-32-0-0\"  class=\"panel-grid-cell\" ><div id=\"panel-32-0-0-0\" class=\"so-panel widget widget_sow-image panel-first-child\" data-index=\"0\" ><div class=\"so-widget-sow-image so-widget-sow-image-default-7f51403a2af4-32\">\n\n<div class=\"sow-image-container\">\n\t\t\t<a\n\t\t\thref=\"https:\/\/www.instagram.com\/kabarettstachelbaer\/\"\n\t\t\t\t\t>\n\t\t\t<img src=\"https:\/\/kabarett-stachelbaer.de\/wp-content\/uploads\/2025\/01\/Banner_Instagram.png\" width=\"425\" height=\"45\" srcset=\"https:\/\/kabarett-stachelbaer.de\/wp-content\/uploads\/2025\/01\/Banner_Instagram.png 1900w, https:\/\/kabarett-stachelbaer.de\/wp-content\/uploads\/2025\/01\/Banner_Instagram-300x32.png 300w, https:\/\/kabarett-stachelbaer.de\/wp-content\/uploads\/2025\/01\/Banner_Instagram-1024x108.png 1024w, https:\/\/kabarett-stachelbaer.de\/wp-content\/uploads\/2025\/01\/Banner_Instagram-768x81.png 768w, https:\/\/kabarett-stachelbaer.de\/wp-content\/uploads\/2025\/01\/Banner_Instagram-1536x162.png 1536w\" sizes=\"(max-width: 425px) 100vw, 425px\" alt=\"\" loading=\"lazy\" \t\tclass=\"so-widget-image\"\/>\n\t<\/a><\/div>\n\n<\/div><\/div><div id=\"panel-32-0-0-1\" class=\"so-panel widget widget_sow-editor panel-last-child\" data-index=\"1\" ><div class=\"so-widget-sow-editor so-widget-sow-editor-base\">\n<div class=\"siteorigin-widget-tinymce textwidget\">\n\t<h3><strong>Infos und Buchungen \u00fcber:<\/strong><\/h3>\n<h3>Michael Eberle<br \/>\n0171 836 01 62<br \/>\nmichael-eberle-stachelbaer@t-online.de<\/h3>\n<p>&nbsp;<\/p>\n<h1><b><span style=\"font-family: Arial;\">Impressum<\/span><\/b><span style=\"font-family: Arial;\">:<\/span><\/h1>\n<p>&nbsp;<\/p>\n<h1><span style=\"font-family: Arial; font-size: small;\">Kabarett Stachelb\u00e4r<br \/>\n<\/span><span style=\"font-family: Arial; font-size: small;\">Hauptplatz 41<br \/>\n<\/span><span style=\"font-family: Arial; font-size: small;\">85276 Pfaffenhofen<\/span><\/h1>\n<p><span style=\"font-family: Arial; font-size: small;\"><br \/>\nUmsatzsteuer-Nr. gem\u00e4\u00df\u00a0 \u00a727 a Umsatzsteuergesetz: 154\/152\/50808<br \/>\nInhaltlich Verantwortlicher gem\u00e4\u00df \u00a710 Absatz 3 MDStV: Kabarett Stachelb\u00e4r<\/span><\/p>\n<p>Haftungshinweis: Trotz sorgf\u00e4ltiger inhaltlicher Kontrolle \u00fcbernehmen wir keine Haftung f\u00fcr die Inhalte externer Links.<br \/>\nF\u00fcr den Inhalt der verlinkten Seiten sind ausschlie\u00dflich deren Betreiber verantwortlich.<\/p>\n<h1>Datenschutz<\/h1>\n<h3>Grundlegendes<\/h3>\n<p>Diese Datenschutzerkl\u00e4rung soll die Nutzer dieser Website \u00fcber die Art, den Umfang und den Zweck der Erhebung und Verwendung personenbezogener Daten durch den Websitebetreiber\u00a0Kabarett Stachelb\u00e4r\u00a0informieren. Der Websitebetreiber nimmt Ihren Datenschutz sehr ernst und behandelt Ihre personenbezogenen Daten vertraulich und entsprechend der gesetzlichen Vorschriften. Da durch neue Technologien und die st\u00e4ndige Weiterentwicklung dieser Webseite \u00c4nderungen an dieser Datenschutzerkl\u00e4rung vorgenommen werden k\u00f6nnen, empfehlen wir Ihnen sich die Datenschutzerkl\u00e4rung in regelm\u00e4\u00dfigen Abst\u00e4nden wieder durchzulesen.<br \/>\nDefinitionen der verwendeten Begriffe (z.B. \u201cpersonenbezogene Daten\u201d oder \u201cVerarbeitung\u201d) finden Sie in Art. 4 DSGVO.<\/p>\n<h3>Zugriffsdaten<\/h3>\n<p>Wir, der Websitebetreiber bzw. Seitenprovider, erheben aufgrund unseres berechtigten Interesses (s. Art. 6 Abs. 1 lit. f. DSGVO) Daten \u00fcber Zugriffe auf die Website und speichern diese als \u201eServer-Logfiles\u201c auf dem Server der Website ab. Folgende Daten werden so protokolliert:<br \/>\n- Besuchte Website<br \/>\n- Uhrzeit zum Zeitpunkt des Zugriffes<br \/>\n- Menge der gesendeten Daten in Byte<br \/>\n- Quelle\/Verweis, von welchem Sie auf die Seite gelangten<br \/>\n- Verwendeter Browser<br \/>\n- Verwendetes Betriebssystem<br \/>\n- Verwendete IP-Adresse<br \/>\nDie Server-Logfiles werden f\u00fcr maximal 7 Tage gespeichert und anschlie\u00dfend gel\u00f6scht. Die Speicherung der Daten erfolgt aus Sicherheitsgr\u00fcnden, um z. B. Missbrauchsf\u00e4lle aufkl\u00e4ren zu k\u00f6nnen. M\u00fcssen Daten aus Beweisgr\u00fcnden aufgehoben werden, sind sie solange von der L\u00f6schung ausgenommen bis der Vorfall endg\u00fcltig gekl\u00e4rt ist.<\/p>\n<h3>Reichweitenmessung &amp; Cookies<\/h3>\n<p>Diese Website verwendet Cookies zur pseudonymisierten Reichweitenmessung, die entweder von unserem Server oder dem Server Dritter an den Browser des Nutzers von\u00a0kabarett-stachelbaer.de \u00fcbertragen werden. Bei Cookies handelt es sich um kleine Dateien, welche auf Ihrem Endger\u00e4t gespeichert werden. Ihr Browser greift auf diese Dateien zu. Durch den Einsatz von Cookies erh\u00f6ht sich die Benutzerfreundlichkeit und Sicherheit dieser Website. Falls Sie nicht m\u00f6chten, dass Cookies zur Reichweitenmessung auf Ihrem Endger\u00e4t gespeichert werden, k\u00f6nnen Sie dem Einsatz dieser Dateien hier widersprechen:<br \/>\n- Cookie-Deaktivierungsseite der Netzwerkwerbeinitiative: http:\/\/optout.networkadvertising.org\/?c=1#!\/<br \/>\n- Cookie-Deaktivierungsseite der US-amerikanischen Website: http:\/\/optout.aboutads.info\/?c=2#!\/<br \/>\n- Cookie-Deaktivierungsseite der europ\u00e4ischen Website: http:\/\/optout.networkadvertising.org\/?c=1#!\/<br \/>\nG\u00e4ngige Browser bieten die Einstellungsoption, Cookies nicht zuzulassen. Hinweis: Es ist nicht gew\u00e4hrleistet, dass Sie auf alle Funktionen dieser Website ohne Einschr\u00e4nkungen zugreifen k\u00f6nnen, wenn Sie entsprechende Einstellungen vornehmen.<\/p>\n<h3>GoogleFonts<\/h3>\n<p>Auf dieser Website werden Schriftarten von Google LLC, 1600 Amphitheatre Parkway, Mountain View, CA 94043, USA, verwendet.\u00a0Die Abfrage schlie\u00dft den Versand der IP-Adresse und ggf. weiterer von Google f\u00fcr den Dienst GoogleFonts ben\u00f6tigter Daten an Google ein. Zu diesem Zweck wird Ihre Eingabe an Google \u00fcbermittelt und dort weiter verwendet. Im Falle der Aktivierung der IP-Anonymisierung auf dieser Webseite wird Ihre IP-Adresse von Google jedoch innerhalb von Mitgliedstaaten der Europ\u00e4ischen Union oder in anderen Vertragsstaaten des Abkommens \u00fcber den Europ\u00e4ischen Wirtschaftsraum zuvor gek\u00fcrzt. Nur in Ausnahmef\u00e4llen wird die volle IP-Adresse an einen Server von Google in den USA \u00fcbertragen und dort gek\u00fcrzt. Im Auftrag des Betreibers dieser Website wird Google diese Informationen benutzen, um Ihre Nutzung dieses Dienstes auszuwerten. Die im Rahmen von Google Fonts von Ihrem Browser \u00fcbermittelte IP-Adresse wird nicht mit anderen Daten von Google zusammengef\u00fchrt. F\u00fcr diese Daten gelten die abweichenden Datenschutzbestimmungen des Unternehmens Google. Weitere Informationen zu den Datenschutzrichtlinien von Google finden Sie unter: https:\/\/www.google.com\/intl\/de\/policies\/privacy\/.<br \/>\n-GoogleFonts Deaktivierungsseite:\u00a0https:\/\/adssettings.google.com\/authenticated<\/p>\n<h3>GoogleMaps<\/h3>\n<p>Auf dieser Website werden Karten von Google LLC, 1600 Amphitheatre Parkway, Mountain View, CA 94043, USA, verwendet.\u00a0Die Abfrage schlie\u00dft den Versand der IP-Adresse, Standort und ggf. weiterer von Google f\u00fcr den Dienst GoogleMaps ben\u00f6tigter Daten an Google ein. Zu diesem Zweck wird Ihre Eingabe an Google \u00fcbermittelt und dort weiter verwendet. Im Falle der Aktivierung der IP-Anonymisierung auf dieser Webseite wird Ihre IP-Adresse von Google jedoch innerhalb von Mitgliedstaaten der Europ\u00e4ischen Union oder in anderen Vertragsstaaten des Abkommens \u00fcber den Europ\u00e4ischen Wirtschaftsraum zuvor gek\u00fcrzt. Nur in Ausnahmef\u00e4llen wird die volle IP-Adresse an einen Server von Google in den USA \u00fcbertragen und dort gek\u00fcrzt. Im Auftrag des Betreibers dieser Website wird Google diese Informationen benutzen, um Ihre Nutzung dieses Dienstes auszuwerten. Die im Rahmen von GoogleMaps von Ihrem Browser \u00fcbermittelte IP-Adresse wird nicht mit anderen Daten von Google zusammengef\u00fchrt. F\u00fcr diese Daten gelten die abweichenden Datenschutzbestimmungen des Unternehmens Google. Weitere Informationen zu den Datenschutzrichtlinien von Google finden Sie unter: https:\/\/www.google.com\/intl\/de\/policies\/privacy\/.<br \/>\n-GoogleFonts Deaktivierungsseite:\u00a0https:\/\/adssettings.google.com\/authenticated<\/p>\n<h3>Erfassung und Verarbeitung personenbezogener Daten<\/h3>\n<p>Der Websitebetreiber erhebt, nutzt und gibt Ihre personenbezogenen Daten nur dann weiter, wenn dies im gesetzlichen Rahmen erlaubt ist oder Sie in die Datenerhebung einwilligen. Als personenbezogene Daten gelten s\u00e4mtliche Informationen, welche dazu dienen, Ihre Person zu bestimmen und welche zu Ihnen zur\u00fcckverfolgt werden k\u00f6nnen \u2013 also beispielsweise Ihr Name, Ihre E-Mail-Adresse und Telefonnummer. Diese Website k\u00f6nnen Sie auch besuchen, ohne Angaben zu Ihrer Person zu machen. Zur Verbesserung unseres Online-Angebotes speichern wir jedoch (ohne Personenbezug) Ihre Zugriffsdaten auf diese Website. Zu diesen Zugriffsdaten geh\u00f6ren z. B. die von Ihnen angeforderte Datei oder der Name Ihres Internet-Providers. Durch die Anonymisierung der Daten sind R\u00fcckschl\u00fcsse auf Ihre Person nicht m\u00f6glich.<\/p>\n<h3>Umgang mit Kontaktdaten<\/h3>\n<p>Nehmen Sie mit uns als Websitebetreiber durch die angebotenen Kontaktm\u00f6glichkeiten Verbindung auf, werden Ihre Angaben gespeichert, damit auf diese zur Bearbeitung und Beantwortung Ihrer Anfrage zur\u00fcckgegriffen werden kann. Ohne Ihre Einwilligung werden diese Daten nicht an Dritte weitergegeben.<\/p>\n<h3>Rechte des Nutzers<\/h3>\n<p>Sie haben als Nutzer das Recht, auf Antrag eine kostenlose Auskunft dar\u00fcber zu erhalten, welche personenbezogenen Daten \u00fcber Sie gespeichert wurden. Sie haben au\u00dferdem das Recht auf Berichtigung falscher Daten und auf die Verarbeitungseinschr\u00e4nkung oder L\u00f6schung Ihrer personenbezogenen Daten. Falls zutreffend, k\u00f6nnen Sie auch Ihr Recht auf Datenportabilit\u00e4t geltend machen. Sollten Sie annehmen, dass Ihre Daten unrechtm\u00e4\u00dfig verarbeitet wurden, k\u00f6nnen Sie eine Beschwerde bei der zust\u00e4ndigen Aufsichtsbeh\u00f6rde einreichen.<\/p>\n<h3>L\u00f6schung von Daten<\/h3>\n<p>Sofern Ihr Wunsch nicht mit einer gesetzlichen Pflicht zur Aufbewahrung von Daten (z. B. Vorratsdatenspeicherung) kollidiert, haben Sie ein Anrecht auf L\u00f6schung Ihrer Daten. Von uns gespeicherte Daten werden, sollten sie f\u00fcr ihre Zweckbestimmung nicht mehr vonn\u00f6ten sein und es keine gesetzlichen Aufbewahrungsfristen geben, gel\u00f6scht. Falls eine L\u00f6schung nicht durchgef\u00fchrt werden kann, da die Daten f\u00fcr zul\u00e4ssige gesetzliche Zwecke erforderlich sind, erfolgt eine Einschr\u00e4nkung der Datenverarbeitung. In diesem Fall werden die Daten gesperrt und nicht f\u00fcr andere Zwecke verarbeitet.<\/p>\n<h3>Widerspruchsrecht<\/h3>\n<p>Nutzer dieser Webseite k\u00f6nnen von ihrem Widerspruchsrecht Gebrauch machen und der Verarbeitung ihrer personenbezogenen Daten zu jeder Zeit widersprechen. Wenn Sie eine Berichtigung, Sperrung, L\u00f6schung oder Auskunft \u00fcber die zu Ihrer Person gespeicherten personenbezogenen Daten w\u00fcnschen oder Fragen bzgl. der Erhebung, Verarbeitung oder Verwendung Ihrer personenbezogenen Daten haben oder erteilte Einwilligungen widerrufen m\u00f6chten, wenden Sie sich bitte an folgende E-Mail-Adresse: michael-eberle-stachelbaer@t-online.de<\/p>\n<p>Quelle: datenschutz.org<\/p>\n<\/div>\n<\/div><\/div><\/div><\/div><\/div>","protected":false},"excerpt":{"rendered":"<p>Infos und Buchungen \u00fcber: Michael Eberle 0171 836 01 62 michael-eberle-stachelbaer@t-online.de &nbsp; Impressum: &nbsp; Kabarett Stachelb\u00e4r Hauptplatz 41 85276 Pfaffenhofen Umsatzsteuer-Nr. gem\u00e4\u00df\u00a0 \u00a727 a Umsatzsteuergesetz: 154\/152\/50808 Inhaltlich Verantwortlicher gem\u00e4\u00df \u00a710 Absatz 3 MDStV: Kabarett Stachelb\u00e4r Haftungshinweis: Trotz sorgf\u00e4ltiger inhaltlicher Kontrolle \u00fcbernehmen wir keine Haftung f\u00fcr die Inhalte externer Links. F\u00fcr den Inhalt der verlinkten Seiten [&hellip;]<\/p>\n","protected":false},"author":2,"featured_media":0,"parent":0,"menu_order":0,"comment_status":"closed","ping_status":"closed","template":"","meta":[],"_links":{"self":[{"href":"https:\/\/kabarett-stachelbaer.de\/index.php\/wp-json\/wp\/v2\/pages\/32"}],"collection":[{"href":"https:\/\/kabarett-stachelbaer.de\/index.php\/wp-json\/wp\/v2\/pages"}],"about":[{"href":"https:\/\/kabarett-stachelbaer.de\/index.php\/wp-json\/wp\/v2\/types\/page"}],"author":[{"embeddable":true,"href":"https:\/\/kabarett-stachelbaer.de\/index.php\/wp-json\/wp\/v2\/users\/2"}],"replies":[{"embeddable":true,"href":"https:\/\/kabarett-stachelbaer.de\/index.php\/wp-json\/wp\/v2\/comments?post=32"}],"version-history":[{"count":11,"href":"https:\/\/kabarett-stachelbaer.de\/index.php\/wp-json\/wp\/v2\/pages\/32\/revisions"}],"predecessor-version":[{"id":1591,"href":"https:\/\/kabarett-stachelbaer.de\/index.php\/wp-json\/wp\/v2\/pages\/32\/revisions\/1591"}],"wp:attachment":[{"href":"https:\/\/kabarett-stachelbaer.de\/index.php\/wp-json\/wp\/v2\/media?parent=32"}],"curies":[{"name":"wp","href":"https:\/\/api.w.org\/{rel}","templated":true}]}}